{"id":951,"date":"2022-03-29T13:49:32","date_gmt":"2022-03-29T13:49:32","guid":{"rendered":"https:\/\/seearoundmorocco.com\/new-site\/tours-desde-casablanca\/"},"modified":"2022-05-07T08:22:20","modified_gmt":"2022-05-07T08:22:20","slug":"tours-desde-casablanca","status":"publish","type":"page","link":"https:\/\/seearoundmorocco.org\/es\/tours-desde-casablanca\/","title":{"rendered":"Tours Desde Casablanca"},"content":{"rendered":"\t\t<div data-elementor-type=\"wp-page\" data-elementor-id=\"951\" class=\"elementor elementor-951 elementor-619\" data-elementor-post-type=\"page\">\n\t\t\t\t\t\t<section class=\"elementor-section elementor-top-section elementor-element elementor-element-2def84b elementor-section-stretched elementor-section-boxed elementor-section-height-default elementor-section-height-default\" data-id=\"2def84b\" data-element_type=\"section\" data-e-type=\"section\" data-settings=\"{&quot;stretch_section&quot;:&quot;section-stretched&quot;,&quot;background_background&quot;:&quot;classic&quot;,&quot;shape_divider_bottom&quot;:&quot;arrow&quot;}\">\n\t\t\t\t\t\t\t<div class=\"elementor-background-overlay\"><\/div>\n\t\t\t\t\t\t<div class=\"elementor-shape elementor-shape-bottom\" aria-hidden=\"true\" data-negative=\"false\">\n\t\t\t<svg xmlns=\"http:\/\/www.w3.org\/2000\/svg\" viewBox=\"0 0 700 10\" preserveAspectRatio=\"none\">\n\t<path class=\"elementor-shape-fill\" d=\"M350,10L340,0h20L350,10z\"\/>\n<\/svg>\t\t<\/div>\n\t\t\t\t\t<div class=\"elementor-container elementor-column-gap-default\">\n\t\t\t\t\t<div class=\"elementor-column elementor-col-100 elementor-top-column elementor-element elementor-element-a3aae4e\" data-id=\"a3aae4e\" data-element_type=\"column\" data-e-type=\"column\">\n\t\t\t<div class=\"elementor-widget-wrap elementor-element-populated\">\n\t\t\t\t\t\t<div class=\"elementor-element elementor-element-382bf1f elementor-widget elementor-widget-heading\" data-id=\"382bf1f\" data-element_type=\"widget\" data-e-type=\"widget\" data-widget_type=\"heading.default\">\n\t\t\t\t<div class=\"elementor-widget-container\">\n\t\t\t\t\t<h1 class=\"elementor-heading-title elementor-size-default\">Tours Desde Casablanca<\/h1>\t\t\t\t<\/div>\n\t\t\t\t<\/div>\n\t\t\t\t<div class=\"elementor-element elementor-element-8992dcb site-breadcrumb elementor-widget elementor-widget-wp-widget-bcn_widget\" data-id=\"8992dcb\" data-element_type=\"widget\" data-e-type=\"widget\" data-widget_type=\"wp-widget-bcn_widget.default\">\n\t\t\t\t<div class=\"elementor-widget-container\">\n\t\t\t\t\t<div class=\"breadcrumbs\" vocab=\"https:\/\/schema.org\/\" typeof=\"BreadcrumbList\"><span property=\"itemListElement\" typeof=\"ListItem\"><a property=\"item\" typeof=\"WebPage\" title=\"Go to See Around Morocco.\" href=\"https:\/\/seearoundmorocco.org\/es\/\" class=\"home\" aria-current=\"page\"><span property=\"name\">Home<\/span><\/a><meta property=\"position\" content=\"1\"><\/span><\/div>\t\t\t\t<\/div>\n\t\t\t\t<\/div>\n\t\t\t\t\t<\/div>\n\t\t<\/div>\n\t\t\t\t\t<\/div>\n\t\t<\/section>\n\t\t\t\t<section class=\"elementor-section elementor-top-section elementor-element elementor-element-25373f6e elementor-section-full_width elementor-section-height-default elementor-section-height-default\" data-id=\"25373f6e\" data-element_type=\"section\" data-e-type=\"section\">\n\t\t\t\t\t\t<div class=\"elementor-container elementor-column-gap-default\">\n\t\t\t\t\t<div class=\"elementor-column elementor-col-33 elementor-top-column elementor-element elementor-element-1a9a5f89\" data-id=\"1a9a5f89\" data-element_type=\"column\" data-e-type=\"column\" data-settings=\"{&quot;background_background&quot;:&quot;classic&quot;}\">\n\t\t\t<div class=\"elementor-widget-wrap elementor-element-populated\">\n\t\t\t\t\t\t<div class=\"elementor-element elementor-element-4f866548 elementor-widget elementor-widget-image\" data-id=\"4f866548\" data-element_type=\"widget\" data-e-type=\"widget\" data-widget_type=\"image.default\">\n\t\t\t\t<div class=\"elementor-widget-container\">\n\t\t\t\t\t\t\t\t\t\t\t\t\t\t\t<img fetchpriority=\"high\" decoding=\"async\" width=\"640\" height=\"427\" src=\"https:\/\/seearoundmorocco.org\/wp-content\/uploads\/2022\/03\/5-day-desert-tour-from-casablanca-3-1024x683.jpg\" class=\"attachment-large size-large wp-image-849\" alt=\"\" srcset=\"https:\/\/seearoundmorocco.org\/wp-content\/uploads\/2022\/03\/5-day-desert-tour-from-casablanca-3-1024x683.jpg 1024w, https:\/\/seearoundmorocco.org\/wp-content\/uploads\/2022\/03\/5-day-desert-tour-from-casablanca-3-300x200.jpg 300w, https:\/\/seearoundmorocco.org\/wp-content\/uploads\/2022\/03\/5-day-desert-tour-from-casablanca-3-768x512.jpg 768w, https:\/\/seearoundmorocco.org\/wp-content\/uploads\/2022\/03\/5-day-desert-tour-from-casablanca-3.jpg 1080w\" sizes=\"(max-width: 640px) 100vw, 640px\" \/>\t\t\t\t\t\t\t\t\t\t\t\t\t\t\t<\/div>\n\t\t\t\t<\/div>\n\t\t\t\t<div class=\"elementor-element elementor-element-73d1ec77 elementor-widget elementor-widget-heading\" data-id=\"73d1ec77\" data-element_type=\"widget\" data-e-type=\"widget\" data-widget_type=\"heading.default\">\n\t\t\t\t<div class=\"elementor-widget-container\">\n\t\t\t\t\t<h3 class=\"elementor-heading-title elementor-size-default\">Tour De 5 D\u00edas Por El Desierto Desde Casablanca<\/h3>\t\t\t\t<\/div>\n\t\t\t\t<\/div>\n\t\t\t\t<div class=\"elementor-element elementor-element-2bee11a0 elementor-widget elementor-widget-text-editor\" data-id=\"2bee11a0\" data-element_type=\"widget\" data-e-type=\"widget\" data-widget_type=\"text-editor.default\">\n\t\t\t\t<div class=\"elementor-widget-container\">\n\t\t\t\t\t\t\t\t\t<p>Tour de 5 d\u00edas por el desierto desde la ciudad de <a href=\"https:\/\/en.wikipedia.org\/wiki\/Casablanca\" target=\"_blank\" rel=\"noopener\">Casablanca<\/a> para descubrir el Marruecos hist\u00f3rico, aprender sobre cultura, visitar y disfrutar Erg Chebbi Sahara.<\/p>\n\t\t\t\t\t\t\t\t<\/div>\n\t\t\t\t<\/div>\n\t\t\t\t<div class=\"elementor-element elementor-element-2c06a40b elementor-align-center elementor-widget elementor-widget-button\" data-id=\"2c06a40b\" data-element_type=\"widget\" data-e-type=\"widget\" data-widget_type=\"button.default\">\n\t\t\t\t<div class=\"elementor-widget-container\">\n\t\t\t\t\t\t\t\t\t<div class=\"elementor-button-wrapper\">\n\t\t\t\t\t<a class=\"elementor-button elementor-button-link elementor-size-sm\" href=\"https:\/\/seearoundmorocco.org\/es\/tour-de-5-dias-por-el-desierto-desde-casablanca\/\">\n\t\t\t\t\t\t<span class=\"elementor-button-content-wrapper\">\n\t\t\t\t\t\t<span class=\"elementor-button-icon\">\n\t\t\t\t<i aria-hidden=\"true\" class=\"fas fa-angle-double-right\"><\/i>\t\t\t<\/span>\n\t\t\t\t\t\t\t\t\t<span class=\"elementor-button-text\">Leer M\u00e1s<\/span>\n\t\t\t\t\t<\/span>\n\t\t\t\t\t<\/a>\n\t\t\t\t<\/div>\n\t\t\t\t\t\t\t\t<\/div>\n\t\t\t\t<\/div>\n\t\t\t\t\t<\/div>\n\t\t<\/div>\n\t\t\t\t<div class=\"elementor-column elementor-col-33 elementor-top-column elementor-element elementor-element-401ef993\" data-id=\"401ef993\" data-element_type=\"column\" data-e-type=\"column\" data-settings=\"{&quot;background_background&quot;:&quot;classic&quot;}\">\n\t\t\t<div class=\"elementor-widget-wrap elementor-element-populated\">\n\t\t\t\t\t\t<div class=\"elementor-element elementor-element-1f409fe0 elementor-widget elementor-widget-image\" data-id=\"1f409fe0\" data-element_type=\"widget\" data-e-type=\"widget\" data-widget_type=\"image.default\">\n\t\t\t\t<div class=\"elementor-widget-container\">\n\t\t\t\t\t\t\t\t\t\t\t\t\t\t\t<img decoding=\"async\" width=\"640\" height=\"427\" src=\"https:\/\/seearoundmorocco.org\/wp-content\/uploads\/2022\/03\/7-day-imperial-cities-tour-from-casablanca-1-1024x683.jpg\" class=\"attachment-large size-large wp-image-872\" alt=\"Tour De 7 Dias Por Marruecos Desde Casablanca\" srcset=\"https:\/\/seearoundmorocco.org\/wp-content\/uploads\/2022\/03\/7-day-imperial-cities-tour-from-casablanca-1-1024x683.jpg 1024w, https:\/\/seearoundmorocco.org\/wp-content\/uploads\/2022\/03\/7-day-imperial-cities-tour-from-casablanca-1-300x200.jpg 300w, https:\/\/seearoundmorocco.org\/wp-content\/uploads\/2022\/03\/7-day-imperial-cities-tour-from-casablanca-1-768x512.jpg 768w, https:\/\/seearoundmorocco.org\/wp-content\/uploads\/2022\/03\/7-day-imperial-cities-tour-from-casablanca-1.jpg 1080w\" sizes=\"(max-width: 640px) 100vw, 640px\" \/>\t\t\t\t\t\t\t\t\t\t\t\t\t\t\t<\/div>\n\t\t\t\t<\/div>\n\t\t\t\t<div class=\"elementor-element elementor-element-57b4c234 elementor-widget elementor-widget-heading\" data-id=\"57b4c234\" data-element_type=\"widget\" data-e-type=\"widget\" data-widget_type=\"heading.default\">\n\t\t\t\t<div class=\"elementor-widget-container\">\n\t\t\t\t\t<h3 class=\"elementor-heading-title elementor-size-default\">Tour De 7 D\u00edas Por Marruecos Desde Casablanca<\/h3>\t\t\t\t<\/div>\n\t\t\t\t<\/div>\n\t\t\t\t<div class=\"elementor-element elementor-element-40a4641d elementor-widget elementor-widget-text-editor\" data-id=\"40a4641d\" data-element_type=\"widget\" data-e-type=\"widget\" data-widget_type=\"text-editor.default\">\n\t\t\t\t<div class=\"elementor-widget-container\">\n\t\t\t\t\t\t\t\t\t<p>Un gran recorrido por el desierto con un itinerario de 7 d\u00edas para visitar las ciudades imperiales de Marruecos y luego dirigirse hacia las dunas de arena de Merzouga.<\/p>\n\t\t\t\t\t\t\t\t<\/div>\n\t\t\t\t<\/div>\n\t\t\t\t<div class=\"elementor-element elementor-element-6ea3b209 elementor-align-center elementor-widget elementor-widget-button\" data-id=\"6ea3b209\" data-element_type=\"widget\" data-e-type=\"widget\" data-widget_type=\"button.default\">\n\t\t\t\t<div class=\"elementor-widget-container\">\n\t\t\t\t\t\t\t\t\t<div class=\"elementor-button-wrapper\">\n\t\t\t\t\t<a class=\"elementor-button elementor-button-link elementor-size-sm\" href=\"https:\/\/seearoundmorocco.org\/es\/tour-de-7-dias-por-marruecos-desde-casablanca\/\">\n\t\t\t\t\t\t<span class=\"elementor-button-content-wrapper\">\n\t\t\t\t\t\t<span class=\"elementor-button-icon\">\n\t\t\t\t<i aria-hidden=\"true\" class=\"fas fa-angle-double-right\"><\/i>\t\t\t<\/span>\n\t\t\t\t\t\t\t\t\t<span class=\"elementor-button-text\">Leer M\u00e1s<\/span>\n\t\t\t\t\t<\/span>\n\t\t\t\t\t<\/a>\n\t\t\t\t<\/div>\n\t\t\t\t\t\t\t\t<\/div>\n\t\t\t\t<\/div>\n\t\t\t\t\t<\/div>\n\t\t<\/div>\n\t\t\t\t<div class=\"elementor-column elementor-col-33 elementor-top-column elementor-element elementor-element-1c439e81\" data-id=\"1c439e81\" data-element_type=\"column\" data-e-type=\"column\" data-settings=\"{&quot;background_background&quot;:&quot;classic&quot;}\">\n\t\t\t<div class=\"elementor-widget-wrap elementor-element-populated\">\n\t\t\t\t\t\t<div class=\"elementor-element elementor-element-45b98933 elementor-widget elementor-widget-image\" data-id=\"45b98933\" data-element_type=\"widget\" data-e-type=\"widget\" data-widget_type=\"image.default\">\n\t\t\t\t<div class=\"elementor-widget-container\">\n\t\t\t\t\t\t\t\t\t\t\t\t\t\t\t<img decoding=\"async\" width=\"640\" height=\"427\" src=\"https:\/\/seearoundmorocco.org\/wp-content\/uploads\/2022\/03\/7-day-imperial-cities-tour-from-casablanca-3-1024x683.jpg\" class=\"attachment-large size-large wp-image-876\" alt=\"\" srcset=\"https:\/\/seearoundmorocco.org\/wp-content\/uploads\/2022\/03\/7-day-imperial-cities-tour-from-casablanca-3-1024x683.jpg 1024w, https:\/\/seearoundmorocco.org\/wp-content\/uploads\/2022\/03\/7-day-imperial-cities-tour-from-casablanca-3-300x200.jpg 300w, https:\/\/seearoundmorocco.org\/wp-content\/uploads\/2022\/03\/7-day-imperial-cities-tour-from-casablanca-3-768x512.jpg 768w, https:\/\/seearoundmorocco.org\/wp-content\/uploads\/2022\/03\/7-day-imperial-cities-tour-from-casablanca-3.jpg 1080w\" sizes=\"(max-width: 640px) 100vw, 640px\" \/>\t\t\t\t\t\t\t\t\t\t\t\t\t\t\t<\/div>\n\t\t\t\t<\/div>\n\t\t\t\t<div class=\"elementor-element elementor-element-2acd6af elementor-widget elementor-widget-heading\" data-id=\"2acd6af\" data-element_type=\"widget\" data-e-type=\"widget\" data-widget_type=\"heading.default\">\n\t\t\t\t<div class=\"elementor-widget-container\">\n\t\t\t\t\t<h3 class=\"elementor-heading-title elementor-size-default\">Tour De 10 D\u00edas Por El Desierto Desde Casablanca<\/h3>\t\t\t\t<\/div>\n\t\t\t\t<\/div>\n\t\t\t\t<div class=\"elementor-element elementor-element-21b0f464 elementor-widget elementor-widget-text-editor\" data-id=\"21b0f464\" data-element_type=\"widget\" data-e-type=\"widget\" data-widget_type=\"text-editor.default\">\n\t\t\t\t<div class=\"elementor-widget-container\">\n\t\t\t\t\t\t\t\t\t<p>Gran recorrido de 10 d\u00edas con salida desde Casablanca para visitar muchas hermosas ciudades marroqu\u00edes, incluido Merzouga Sahara.<\/p>\n\t\t\t\t\t\t\t\t<\/div>\n\t\t\t\t<\/div>\n\t\t\t\t<div class=\"elementor-element elementor-element-149c6dfd elementor-align-center elementor-widget elementor-widget-button\" data-id=\"149c6dfd\" data-element_type=\"widget\" data-e-type=\"widget\" data-widget_type=\"button.default\">\n\t\t\t\t<div class=\"elementor-widget-container\">\n\t\t\t\t\t\t\t\t\t<div class=\"elementor-button-wrapper\">\n\t\t\t\t\t<a class=\"elementor-button elementor-button-link elementor-size-sm\" href=\"https:\/\/seearoundmorocco.org\/es\/tour-de-10-dias-por-el-desierto-desde-casablanca\/\">\n\t\t\t\t\t\t<span class=\"elementor-button-content-wrapper\">\n\t\t\t\t\t\t<span class=\"elementor-button-icon\">\n\t\t\t\t<i aria-hidden=\"true\" class=\"fas fa-angle-double-right\"><\/i>\t\t\t<\/span>\n\t\t\t\t\t\t\t\t\t<span class=\"elementor-button-text\">Leer M\u00e1s<\/span>\n\t\t\t\t\t<\/span>\n\t\t\t\t\t<\/a>\n\t\t\t\t<\/div>\n\t\t\t\t\t\t\t\t<\/div>\n\t\t\t\t<\/div>\n\t\t\t\t\t<\/div>\n\t\t<\/div>\n\t\t\t\t\t<\/div>\n\t\t<\/section>\n\t\t\t\t<\/div>\n\t\t","protected":false},"excerpt":{"rendered":"<p>Tours Desde Casablanca Tour De 5 D\u00edas Por El Desierto Desde Casablanca Tour de 5 d\u00edas por el desierto desde la ciudad de Casablanca para descubrir el Marruecos hist\u00f3rico, aprender sobre cultura, visitar y disfrutar Erg Chebbi Sahara. Leer M\u00e1s Tour De 7 D\u00edas Por Marruecos Desde Casablanca Un gran recorrido por el desierto con [&hellip;]<\/p>\n","protected":false},"author":1,"featured_media":0,"parent":0,"menu_order":0,"comment_status":"closed","ping_status":"closed","template":"elementor_header_footer","meta":{"footnotes":""},"class_list":["post-951","page","type-page","status-publish","hentry"],"_links":{"self":[{"href":"https:\/\/seearoundmorocco.org\/es\/wp-json\/wp\/v2\/pages\/951","targetHints":{"allow":["GET"]}}],"collection":[{"href":"https:\/\/seearoundmorocco.org\/es\/wp-json\/wp\/v2\/pages"}],"about":[{"href":"https:\/\/seearoundmorocco.org\/es\/wp-json\/wp\/v2\/types\/page"}],"author":[{"embeddable":true,"href":"https:\/\/seearoundmorocco.org\/es\/wp-json\/wp\/v2\/users\/1"}],"replies":[{"embeddable":true,"href":"https:\/\/seearoundmorocco.org\/es\/wp-json\/wp\/v2\/comments?post=951"}],"version-history":[{"count":3,"href":"https:\/\/seearoundmorocco.org\/es\/wp-json\/wp\/v2\/pages\/951\/revisions"}],"predecessor-version":[{"id":1219,"href":"https:\/\/seearoundmorocco.org\/es\/wp-json\/wp\/v2\/pages\/951\/revisions\/1219"}],"wp:attachment":[{"href":"https:\/\/seearoundmorocco.org\/es\/wp-json\/wp\/v2\/media?parent=951"}],"curies":[{"name":"wp","href":"https:\/\/api.w.org\/{rel}","templated":true}]}}