{"id":961,"date":"2022-03-29T12:55:36","date_gmt":"2022-03-29T12:55:36","guid":{"rendered":"https:\/\/seearoundmorocco.com\/new-site\/tours-desde-fes\/"},"modified":"2022-05-07T08:22:22","modified_gmt":"2022-05-07T08:22:22","slug":"tours-desde-fes","status":"publish","type":"page","link":"https:\/\/seearoundmorocco.org\/es\/tours-desde-fes\/","title":{"rendered":"Tours Desde Fes"},"content":{"rendered":"\t\t<div data-elementor-type=\"wp-page\" data-elementor-id=\"961\" class=\"elementor elementor-961 elementor-606\" data-elementor-post-type=\"page\">\n\t\t\t\t\t\t<section class=\"elementor-section elementor-top-section elementor-element elementor-element-2def84b elementor-section-stretched elementor-section-boxed elementor-section-height-default elementor-section-height-default\" data-id=\"2def84b\" data-element_type=\"section\" data-e-type=\"section\" data-settings=\"{&quot;stretch_section&quot;:&quot;section-stretched&quot;,&quot;background_background&quot;:&quot;classic&quot;,&quot;shape_divider_bottom&quot;:&quot;arrow&quot;}\">\n\t\t\t\t\t\t\t<div class=\"elementor-background-overlay\"><\/div>\n\t\t\t\t\t\t<div class=\"elementor-shape elementor-shape-bottom\" aria-hidden=\"true\" data-negative=\"false\">\n\t\t\t<svg xmlns=\"http:\/\/www.w3.org\/2000\/svg\" viewBox=\"0 0 700 10\" preserveAspectRatio=\"none\">\n\t<path class=\"elementor-shape-fill\" d=\"M350,10L340,0h20L350,10z\"\/>\n<\/svg>\t\t<\/div>\n\t\t\t\t\t<div class=\"elementor-container elementor-column-gap-default\">\n\t\t\t\t\t<div class=\"elementor-column elementor-col-100 elementor-top-column elementor-element elementor-element-a3aae4e\" data-id=\"a3aae4e\" data-element_type=\"column\" data-e-type=\"column\">\n\t\t\t<div class=\"elementor-widget-wrap elementor-element-populated\">\n\t\t\t\t\t\t<div class=\"elementor-element elementor-element-382bf1f elementor-widget elementor-widget-heading\" data-id=\"382bf1f\" data-element_type=\"widget\" data-e-type=\"widget\" data-widget_type=\"heading.default\">\n\t\t\t\t<div class=\"elementor-widget-container\">\n\t\t\t\t\t<h1 class=\"elementor-heading-title elementor-size-default\">Tours Desde Fes<\/h1>\t\t\t\t<\/div>\n\t\t\t\t<\/div>\n\t\t\t\t<div class=\"elementor-element elementor-element-8992dcb site-breadcrumb elementor-widget elementor-widget-wp-widget-bcn_widget\" data-id=\"8992dcb\" data-element_type=\"widget\" data-e-type=\"widget\" data-widget_type=\"wp-widget-bcn_widget.default\">\n\t\t\t\t<div class=\"elementor-widget-container\">\n\t\t\t\t\t<div class=\"breadcrumbs\" vocab=\"https:\/\/schema.org\/\" typeof=\"BreadcrumbList\"><span property=\"itemListElement\" typeof=\"ListItem\"><a property=\"item\" typeof=\"WebPage\" title=\"Go to See Around Morocco.\" href=\"https:\/\/seearoundmorocco.org\/es\/\" class=\"home\" aria-current=\"page\"><span property=\"name\">Home<\/span><\/a><meta property=\"position\" content=\"1\"><\/span><\/div>\t\t\t\t<\/div>\n\t\t\t\t<\/div>\n\t\t\t\t\t<\/div>\n\t\t<\/div>\n\t\t\t\t\t<\/div>\n\t\t<\/section>\n\t\t\t\t<section class=\"elementor-section elementor-top-section elementor-element elementor-element-2f96a394 elementor-section-full_width elementor-section-height-default elementor-section-height-default\" data-id=\"2f96a394\" data-element_type=\"section\" data-e-type=\"section\">\n\t\t\t\t\t\t<div class=\"elementor-container elementor-column-gap-default\">\n\t\t\t\t\t<div class=\"elementor-column elementor-col-33 elementor-top-column elementor-element elementor-element-7210cd9\" data-id=\"7210cd9\" data-element_type=\"column\" data-e-type=\"column\" data-settings=\"{&quot;background_background&quot;:&quot;classic&quot;}\">\n\t\t\t<div class=\"elementor-widget-wrap elementor-element-populated\">\n\t\t\t\t\t\t<div class=\"elementor-element elementor-element-7284dcae elementor-widget elementor-widget-image\" data-id=\"7284dcae\" data-element_type=\"widget\" data-e-type=\"widget\" data-widget_type=\"image.default\">\n\t\t\t\t<div class=\"elementor-widget-container\">\n\t\t\t\t\t\t\t\t\t\t\t\t\t\t\t<img fetchpriority=\"high\" decoding=\"async\" width=\"640\" height=\"427\" src=\"https:\/\/seearoundmorocco.org\/wp-content\/uploads\/2022\/03\/2-day-private-tour-from-fes-to-merzouga-1-1024x683.jpg\" class=\"attachment-large size-large wp-image-747\" alt=\"\" srcset=\"https:\/\/seearoundmorocco.org\/wp-content\/uploads\/2022\/03\/2-day-private-tour-from-fes-to-merzouga-1-1024x683.jpg 1024w, https:\/\/seearoundmorocco.org\/wp-content\/uploads\/2022\/03\/2-day-private-tour-from-fes-to-merzouga-1-300x200.jpg 300w, https:\/\/seearoundmorocco.org\/wp-content\/uploads\/2022\/03\/2-day-private-tour-from-fes-to-merzouga-1-768x512.jpg 768w, https:\/\/seearoundmorocco.org\/wp-content\/uploads\/2022\/03\/2-day-private-tour-from-fes-to-merzouga-1.jpg 1080w\" sizes=\"(max-width: 640px) 100vw, 640px\" \/>\t\t\t\t\t\t\t\t\t\t\t\t\t\t\t<\/div>\n\t\t\t\t<\/div>\n\t\t\t\t<div class=\"elementor-element elementor-element-4c9a9958 elementor-widget elementor-widget-heading\" data-id=\"4c9a9958\" data-element_type=\"widget\" data-e-type=\"widget\" data-widget_type=\"heading.default\">\n\t\t\t\t<div class=\"elementor-widget-container\">\n\t\t\t\t\t<h3 class=\"elementor-heading-title elementor-size-default\">Excursi\u00f3n De 2 D\u00edas Desde Fes A Merzouga<\/h3>\t\t\t\t<\/div>\n\t\t\t\t<\/div>\n\t\t\t\t<div class=\"elementor-element elementor-element-6eaf4ccb elementor-widget elementor-widget-text-editor\" data-id=\"6eaf4ccb\" data-element_type=\"widget\" data-e-type=\"widget\" data-widget_type=\"text-editor.default\">\n\t\t\t\t<div class=\"elementor-widget-container\">\n\t\t\t\t\t\t\t\t\t<p>Viaje corto de 2 d\u00edas que sale de la ciudad de Fez hacia el desierto de Erg Chebbi para experimentar una caminata en camello y pasar la noche en un campamento en el desierto.<\/p>\n\t\t\t\t\t\t\t\t<\/div>\n\t\t\t\t<\/div>\n\t\t\t\t<div class=\"elementor-element elementor-element-2085c809 elementor-align-center elementor-widget elementor-widget-button\" data-id=\"2085c809\" data-element_type=\"widget\" data-e-type=\"widget\" data-widget_type=\"button.default\">\n\t\t\t\t<div class=\"elementor-widget-container\">\n\t\t\t\t\t\t\t\t\t<div class=\"elementor-button-wrapper\">\n\t\t\t\t\t<a class=\"elementor-button elementor-button-link elementor-size-sm\" href=\"https:\/\/seearoundmorocco.org\/es\/excursion-de-2-dias-desde-fes-al-desierto-de-merzouga\/\">\n\t\t\t\t\t\t<span class=\"elementor-button-content-wrapper\">\n\t\t\t\t\t\t<span class=\"elementor-button-icon\">\n\t\t\t\t<i aria-hidden=\"true\" class=\"fas fa-angle-double-right\"><\/i>\t\t\t<\/span>\n\t\t\t\t\t\t\t\t\t<span class=\"elementor-button-text\">Leer M\u00e1s<\/span>\n\t\t\t\t\t<\/span>\n\t\t\t\t\t<\/a>\n\t\t\t\t<\/div>\n\t\t\t\t\t\t\t\t<\/div>\n\t\t\t\t<\/div>\n\t\t\t\t\t<\/div>\n\t\t<\/div>\n\t\t\t\t<div class=\"elementor-column elementor-col-33 elementor-top-column elementor-element elementor-element-1570e248\" data-id=\"1570e248\" data-element_type=\"column\" data-e-type=\"column\" data-settings=\"{&quot;background_background&quot;:&quot;classic&quot;}\">\n\t\t\t<div class=\"elementor-widget-wrap elementor-element-populated\">\n\t\t\t\t\t\t<div class=\"elementor-element elementor-element-159b5376 elementor-widget elementor-widget-image\" data-id=\"159b5376\" data-element_type=\"widget\" data-e-type=\"widget\" data-widget_type=\"image.default\">\n\t\t\t\t<div class=\"elementor-widget-container\">\n\t\t\t\t\t\t\t\t\t\t\t\t\t\t\t<img decoding=\"async\" width=\"640\" height=\"427\" src=\"https:\/\/seearoundmorocco.org\/wp-content\/uploads\/2022\/03\/3-day-trip-from-fes-to-sahara-3-1024x683.jpg\" class=\"attachment-large size-large wp-image-811\" alt=\"\" srcset=\"https:\/\/seearoundmorocco.org\/wp-content\/uploads\/2022\/03\/3-day-trip-from-fes-to-sahara-3-1024x683.jpg 1024w, https:\/\/seearoundmorocco.org\/wp-content\/uploads\/2022\/03\/3-day-trip-from-fes-to-sahara-3-300x200.jpg 300w, https:\/\/seearoundmorocco.org\/wp-content\/uploads\/2022\/03\/3-day-trip-from-fes-to-sahara-3-768x512.jpg 768w, https:\/\/seearoundmorocco.org\/wp-content\/uploads\/2022\/03\/3-day-trip-from-fes-to-sahara-3.jpg 1080w\" sizes=\"(max-width: 640px) 100vw, 640px\" \/>\t\t\t\t\t\t\t\t\t\t\t\t\t\t\t<\/div>\n\t\t\t\t<\/div>\n\t\t\t\t<div class=\"elementor-element elementor-element-214b0501 elementor-widget elementor-widget-heading\" data-id=\"214b0501\" data-element_type=\"widget\" data-e-type=\"widget\" data-widget_type=\"heading.default\">\n\t\t\t\t<div class=\"elementor-widget-container\">\n\t\t\t\t\t<h3 class=\"elementor-heading-title elementor-size-default\">3 D\u00edas De Excursi\u00f3n De Fes Al Sahara<\/h3>\t\t\t\t<\/div>\n\t\t\t\t<\/div>\n\t\t\t\t<div class=\"elementor-element elementor-element-70445f0 elementor-widget elementor-widget-text-editor\" data-id=\"70445f0\" data-element_type=\"widget\" data-e-type=\"widget\" data-widget_type=\"text-editor.default\">\n\t\t\t\t<div class=\"elementor-widget-container\">\n\t\t\t\t\t\t\t\t\t<p>Explore antiguos monumentos hist\u00f3ricos, kasbahs, valles, monte en camello y pase una noche en el desierto a trav\u00e9s de este itinerario de 3 d\u00edas.<\/p>\n\t\t\t\t\t\t\t\t<\/div>\n\t\t\t\t<\/div>\n\t\t\t\t<div class=\"elementor-element elementor-element-709cf06a elementor-align-center elementor-widget elementor-widget-button\" data-id=\"709cf06a\" data-element_type=\"widget\" data-e-type=\"widget\" data-widget_type=\"button.default\">\n\t\t\t\t<div class=\"elementor-widget-container\">\n\t\t\t\t\t\t\t\t\t<div class=\"elementor-button-wrapper\">\n\t\t\t\t\t<a class=\"elementor-button elementor-button-link elementor-size-sm\" href=\"https:\/\/seearoundmorocco.org\/es\/3-dias-de-excursion-de-fes-al-sahara-de-merzouga\/\">\n\t\t\t\t\t\t<span class=\"elementor-button-content-wrapper\">\n\t\t\t\t\t\t<span class=\"elementor-button-icon\">\n\t\t\t\t<i aria-hidden=\"true\" class=\"fas fa-angle-double-right\"><\/i>\t\t\t<\/span>\n\t\t\t\t\t\t\t\t\t<span class=\"elementor-button-text\">Leer M\u00e1s<\/span>\n\t\t\t\t\t<\/span>\n\t\t\t\t\t<\/a>\n\t\t\t\t<\/div>\n\t\t\t\t\t\t\t\t<\/div>\n\t\t\t\t<\/div>\n\t\t\t\t\t<\/div>\n\t\t<\/div>\n\t\t\t\t<div class=\"elementor-column elementor-col-33 elementor-top-column elementor-element elementor-element-0a2af76\" data-id=\"0a2af76\" data-element_type=\"column\" data-e-type=\"column\" data-settings=\"{&quot;background_background&quot;:&quot;classic&quot;}\">\n\t\t\t<div class=\"elementor-widget-wrap elementor-element-populated\">\n\t\t\t\t\t\t<div class=\"elementor-element elementor-element-5dc7987 elementor-widget elementor-widget-image\" data-id=\"5dc7987\" data-element_type=\"widget\" data-e-type=\"widget\" data-widget_type=\"image.default\">\n\t\t\t\t<div class=\"elementor-widget-container\">\n\t\t\t\t\t\t\t\t\t\t\t\t\t\t\t<img decoding=\"async\" width=\"640\" height=\"427\" src=\"https:\/\/seearoundmorocco.org\/wp-content\/uploads\/2022\/03\/4-day-tour-from-fes-to-marrakech-1-1024x683.jpg\" class=\"attachment-large size-large wp-image-821\" alt=\"Viaje De 4 Dias Desde Fes A Marrakech\" srcset=\"https:\/\/seearoundmorocco.org\/wp-content\/uploads\/2022\/03\/4-day-tour-from-fes-to-marrakech-1-1024x683.jpg 1024w, https:\/\/seearoundmorocco.org\/wp-content\/uploads\/2022\/03\/4-day-tour-from-fes-to-marrakech-1-300x200.jpg 300w, https:\/\/seearoundmorocco.org\/wp-content\/uploads\/2022\/03\/4-day-tour-from-fes-to-marrakech-1-768x512.jpg 768w, https:\/\/seearoundmorocco.org\/wp-content\/uploads\/2022\/03\/4-day-tour-from-fes-to-marrakech-1.jpg 1080w\" sizes=\"(max-width: 640px) 100vw, 640px\" \/>\t\t\t\t\t\t\t\t\t\t\t\t\t\t\t<\/div>\n\t\t\t\t<\/div>\n\t\t\t\t<div class=\"elementor-element elementor-element-6e97627 elementor-widget elementor-widget-heading\" data-id=\"6e97627\" data-element_type=\"widget\" data-e-type=\"widget\" data-widget_type=\"heading.default\">\n\t\t\t\t<div class=\"elementor-widget-container\">\n\t\t\t\t\t<h3 class=\"elementor-heading-title elementor-size-default\">Excursi\u00f3n De 3 D\u00edas De Fes A Marrakech<\/h3>\t\t\t\t<\/div>\n\t\t\t\t<\/div>\n\t\t\t\t<div class=\"elementor-element elementor-element-9961775 elementor-widget elementor-widget-text-editor\" data-id=\"9961775\" data-element_type=\"widget\" data-e-type=\"widget\" data-widget_type=\"text-editor.default\">\n\t\t\t\t<div class=\"elementor-widget-container\">\n\t\t\t\t\t\t\t\t\t<p>Un itinerario tur\u00edstico que sale de Fez y termina en Marrakech a trav\u00e9s de <a href=\"https:\/\/en.wikipedia.org\/wiki\/Merzouga\" target=\"_blank\" rel=\"noopener\">Merzouga<\/a> Sahara, Kasbahs, Mountains y mucho m\u00e1s.<\/p>\n\t\t\t\t\t\t\t\t<\/div>\n\t\t\t\t<\/div>\n\t\t\t\t<div class=\"elementor-element elementor-element-b63e4c8 elementor-align-center elementor-widget elementor-widget-button\" data-id=\"b63e4c8\" data-element_type=\"widget\" data-e-type=\"widget\" data-widget_type=\"button.default\">\n\t\t\t\t<div class=\"elementor-widget-container\">\n\t\t\t\t\t\t\t\t\t<div class=\"elementor-button-wrapper\">\n\t\t\t\t\t<a class=\"elementor-button elementor-button-link elementor-size-sm\" href=\"https:\/\/seearoundmorocco.org\/es\/excursion-de-3-dias-de-fes-a-marrakech\/\">\n\t\t\t\t\t\t<span class=\"elementor-button-content-wrapper\">\n\t\t\t\t\t\t<span class=\"elementor-button-icon\">\n\t\t\t\t<i aria-hidden=\"true\" class=\"fas fa-angle-double-right\"><\/i>\t\t\t<\/span>\n\t\t\t\t\t\t\t\t\t<span class=\"elementor-button-text\">Leer M\u00e1s<\/span>\n\t\t\t\t\t<\/span>\n\t\t\t\t\t<\/a>\n\t\t\t\t<\/div>\n\t\t\t\t\t\t\t\t<\/div>\n\t\t\t\t<\/div>\n\t\t\t\t\t<\/div>\n\t\t<\/div>\n\t\t\t\t\t<\/div>\n\t\t<\/section>\n\t\t\t\t<section class=\"elementor-section elementor-top-section elementor-element elementor-element-622e4e7 elementor-section-full_width elementor-section-height-default elementor-section-height-default\" data-id=\"622e4e7\" data-element_type=\"section\" data-e-type=\"section\">\n\t\t\t\t\t\t<div class=\"elementor-container elementor-column-gap-default\">\n\t\t\t\t\t<div class=\"elementor-column elementor-col-33 elementor-top-column elementor-element elementor-element-c762fe1\" data-id=\"c762fe1\" data-element_type=\"column\" data-e-type=\"column\" data-settings=\"{&quot;background_background&quot;:&quot;classic&quot;}\">\n\t\t\t<div class=\"elementor-widget-wrap elementor-element-populated\">\n\t\t\t\t\t\t<div class=\"elementor-element elementor-element-44914c8a elementor-widget elementor-widget-image\" data-id=\"44914c8a\" data-element_type=\"widget\" data-e-type=\"widget\" data-widget_type=\"image.default\">\n\t\t\t\t<div class=\"elementor-widget-container\">\n\t\t\t\t\t\t\t\t\t\t\t\t\t\t\t<img loading=\"lazy\" decoding=\"async\" width=\"640\" height=\"427\" src=\"https:\/\/seearoundmorocco.org\/wp-content\/uploads\/2022\/03\/4-day-tour-from-fes-to-marrakech-2-1024x683.jpg\" class=\"attachment-large size-large wp-image-823\" alt=\"\" srcset=\"https:\/\/seearoundmorocco.org\/wp-content\/uploads\/2022\/03\/4-day-tour-from-fes-to-marrakech-2-1024x683.jpg 1024w, https:\/\/seearoundmorocco.org\/wp-content\/uploads\/2022\/03\/4-day-tour-from-fes-to-marrakech-2-300x200.jpg 300w, https:\/\/seearoundmorocco.org\/wp-content\/uploads\/2022\/03\/4-day-tour-from-fes-to-marrakech-2-768x512.jpg 768w, https:\/\/seearoundmorocco.org\/wp-content\/uploads\/2022\/03\/4-day-tour-from-fes-to-marrakech-2.jpg 1080w\" sizes=\"(max-width: 640px) 100vw, 640px\" \/>\t\t\t\t\t\t\t\t\t\t\t\t\t\t\t<\/div>\n\t\t\t\t<\/div>\n\t\t\t\t<div class=\"elementor-element elementor-element-06d3bab elementor-widget elementor-widget-heading\" data-id=\"06d3bab\" data-element_type=\"widget\" data-e-type=\"widget\" data-widget_type=\"heading.default\">\n\t\t\t\t<div class=\"elementor-widget-container\">\n\t\t\t\t\t<h3 class=\"elementor-heading-title elementor-size-default\">Viaje De 4 D\u00edas Desde Fes A Marrakech<\/h3>\t\t\t\t<\/div>\n\t\t\t\t<\/div>\n\t\t\t\t<div class=\"elementor-element elementor-element-8a0cce2 elementor-widget elementor-widget-text-editor\" data-id=\"8a0cce2\" data-element_type=\"widget\" data-e-type=\"widget\" data-widget_type=\"text-editor.default\">\n\t\t\t\t<div class=\"elementor-widget-container\">\n\t\t\t\t\t\t\t\t\t<p>Itinerario tur\u00edstico de 4 d\u00edas desde la ciudad de Fez para descubrir muchas ciudades marroqu\u00edes interesantes, incluidas excursiones en camello por el desierto de Merzouga.<\/p>\n\t\t\t\t\t\t\t\t<\/div>\n\t\t\t\t<\/div>\n\t\t\t\t<div class=\"elementor-element elementor-element-9b788e2 elementor-align-center elementor-widget elementor-widget-button\" data-id=\"9b788e2\" data-element_type=\"widget\" data-e-type=\"widget\" data-widget_type=\"button.default\">\n\t\t\t\t<div class=\"elementor-widget-container\">\n\t\t\t\t\t\t\t\t\t<div class=\"elementor-button-wrapper\">\n\t\t\t\t\t<a class=\"elementor-button elementor-button-link elementor-size-sm\" href=\"https:\/\/seearoundmorocco.org\/es\/viaje-de-4-dias-desde-fes-a-marrakech\/\">\n\t\t\t\t\t\t<span class=\"elementor-button-content-wrapper\">\n\t\t\t\t\t\t<span class=\"elementor-button-icon\">\n\t\t\t\t<i aria-hidden=\"true\" class=\"fas fa-angle-double-right\"><\/i>\t\t\t<\/span>\n\t\t\t\t\t\t\t\t\t<span class=\"elementor-button-text\">Leer M\u00e1s<\/span>\n\t\t\t\t\t<\/span>\n\t\t\t\t\t<\/a>\n\t\t\t\t<\/div>\n\t\t\t\t\t\t\t\t<\/div>\n\t\t\t\t<\/div>\n\t\t\t\t\t<\/div>\n\t\t<\/div>\n\t\t\t\t<div class=\"elementor-column elementor-col-33 elementor-top-column elementor-element elementor-element-47a8aaa\" data-id=\"47a8aaa\" data-element_type=\"column\" data-e-type=\"column\" data-settings=\"{&quot;background_background&quot;:&quot;classic&quot;}\">\n\t\t\t<div class=\"elementor-widget-wrap\">\n\t\t\t\t\t\t\t<\/div>\n\t\t<\/div>\n\t\t\t\t<div class=\"elementor-column elementor-col-33 elementor-top-column elementor-element elementor-element-a8eb1df\" data-id=\"a8eb1df\" data-element_type=\"column\" data-e-type=\"column\" data-settings=\"{&quot;background_background&quot;:&quot;classic&quot;}\">\n\t\t\t<div class=\"elementor-widget-wrap\">\n\t\t\t\t\t\t\t<\/div>\n\t\t<\/div>\n\t\t\t\t\t<\/div>\n\t\t<\/section>\n\t\t\t\t<\/div>\n\t\t","protected":false},"excerpt":{"rendered":"<p>Tours Desde Fes Excursi\u00f3n De 2 D\u00edas Desde Fes A Merzouga Viaje corto de 2 d\u00edas que sale de la ciudad de Fez hacia el desierto de Erg Chebbi para experimentar una caminata en camello y pasar la noche en un campamento en el desierto. Leer M\u00e1s 3 D\u00edas De Excursi\u00f3n De Fes Al Sahara [&hellip;]<\/p>\n","protected":false},"author":1,"featured_media":0,"parent":0,"menu_order":0,"comment_status":"closed","ping_status":"closed","template":"elementor_header_footer","meta":{"footnotes":""},"class_list":["post-961","page","type-page","status-publish","hentry"],"_links":{"self":[{"href":"https:\/\/seearoundmorocco.org\/es\/wp-json\/wp\/v2\/pages\/961","targetHints":{"allow":["GET"]}}],"collection":[{"href":"https:\/\/seearoundmorocco.org\/es\/wp-json\/wp\/v2\/pages"}],"about":[{"href":"https:\/\/seearoundmorocco.org\/es\/wp-json\/wp\/v2\/types\/page"}],"author":[{"embeddable":true,"href":"https:\/\/seearoundmorocco.org\/es\/wp-json\/wp\/v2\/users\/1"}],"replies":[{"embeddable":true,"href":"https:\/\/seearoundmorocco.org\/es\/wp-json\/wp\/v2\/comments?post=961"}],"version-history":[{"count":3,"href":"https:\/\/seearoundmorocco.org\/es\/wp-json\/wp\/v2\/pages\/961\/revisions"}],"predecessor-version":[{"id":1221,"href":"https:\/\/seearoundmorocco.org\/es\/wp-json\/wp\/v2\/pages\/961\/revisions\/1221"}],"wp:attachment":[{"href":"https:\/\/seearoundmorocco.org\/es\/wp-json\/wp\/v2\/media?parent=961"}],"curies":[{"name":"wp","href":"https:\/\/api.w.org\/{rel}","templated":true}]}}