{"id":965,"date":"2022-03-29T13:53:38","date_gmt":"2022-03-29T13:53:38","guid":{"rendered":"https:\/\/seearoundmorocco.com\/new-site\/tours-desde-tanger\/"},"modified":"2022-05-07T08:22:26","modified_gmt":"2022-05-07T08:22:26","slug":"tours-desde-tanger","status":"publish","type":"page","link":"https:\/\/seearoundmorocco.org\/es\/tours-desde-tanger\/","title":{"rendered":"Tours Desde Tanger"},"content":{"rendered":"\t\t<div data-elementor-type=\"wp-page\" data-elementor-id=\"965\" class=\"elementor elementor-965 elementor-628\" data-elementor-post-type=\"page\">\n\t\t\t\t\t\t<section class=\"elementor-section elementor-top-section elementor-element elementor-element-2def84b elementor-section-stretched elementor-section-boxed elementor-section-height-default elementor-section-height-default\" data-id=\"2def84b\" data-element_type=\"section\" data-e-type=\"section\" data-settings=\"{&quot;stretch_section&quot;:&quot;section-stretched&quot;,&quot;background_background&quot;:&quot;classic&quot;,&quot;shape_divider_bottom&quot;:&quot;arrow&quot;}\">\n\t\t\t\t\t\t\t<div class=\"elementor-background-overlay\"><\/div>\n\t\t\t\t\t\t<div class=\"elementor-shape elementor-shape-bottom\" aria-hidden=\"true\" data-negative=\"false\">\n\t\t\t<svg xmlns=\"http:\/\/www.w3.org\/2000\/svg\" viewBox=\"0 0 700 10\" preserveAspectRatio=\"none\">\n\t<path class=\"elementor-shape-fill\" d=\"M350,10L340,0h20L350,10z\"\/>\n<\/svg>\t\t<\/div>\n\t\t\t\t\t<div class=\"elementor-container elementor-column-gap-default\">\n\t\t\t\t\t<div class=\"elementor-column elementor-col-100 elementor-top-column elementor-element elementor-element-a3aae4e\" data-id=\"a3aae4e\" data-element_type=\"column\" data-e-type=\"column\">\n\t\t\t<div class=\"elementor-widget-wrap elementor-element-populated\">\n\t\t\t\t\t\t<div class=\"elementor-element elementor-element-382bf1f elementor-widget elementor-widget-heading\" data-id=\"382bf1f\" data-element_type=\"widget\" data-e-type=\"widget\" data-widget_type=\"heading.default\">\n\t\t\t\t<div class=\"elementor-widget-container\">\n\t\t\t\t\t<h1 class=\"elementor-heading-title elementor-size-default\">Tours Desde T\u00e1nger<\/h1>\t\t\t\t<\/div>\n\t\t\t\t<\/div>\n\t\t\t\t<div class=\"elementor-element elementor-element-8992dcb site-breadcrumb elementor-widget elementor-widget-wp-widget-bcn_widget\" data-id=\"8992dcb\" data-element_type=\"widget\" data-e-type=\"widget\" data-widget_type=\"wp-widget-bcn_widget.default\">\n\t\t\t\t<div class=\"elementor-widget-container\">\n\t\t\t\t\t<div class=\"breadcrumbs\" vocab=\"https:\/\/schema.org\/\" typeof=\"BreadcrumbList\"><span property=\"itemListElement\" typeof=\"ListItem\"><a property=\"item\" typeof=\"WebPage\" title=\"Go to See Around Morocco.\" href=\"https:\/\/seearoundmorocco.org\/es\/\" class=\"home\" aria-current=\"page\"><span property=\"name\">Home<\/span><\/a><meta property=\"position\" content=\"1\"><\/span><\/div>\t\t\t\t<\/div>\n\t\t\t\t<\/div>\n\t\t\t\t\t<\/div>\n\t\t<\/div>\n\t\t\t\t\t<\/div>\n\t\t<\/section>\n\t\t\t\t<section class=\"elementor-section elementor-top-section elementor-element elementor-element-3a8843ff elementor-section-full_width elementor-section-height-default elementor-section-height-default\" data-id=\"3a8843ff\" data-element_type=\"section\" data-e-type=\"section\">\n\t\t\t\t\t\t<div class=\"elementor-container elementor-column-gap-default\">\n\t\t\t\t\t<div class=\"elementor-column elementor-col-33 elementor-top-column elementor-element elementor-element-92a5324\" data-id=\"92a5324\" data-element_type=\"column\" data-e-type=\"column\" data-settings=\"{&quot;background_background&quot;:&quot;classic&quot;}\">\n\t\t\t<div class=\"elementor-widget-wrap elementor-element-populated\">\n\t\t\t\t\t\t<div class=\"elementor-element elementor-element-2a8aa787 elementor-widget elementor-widget-image\" data-id=\"2a8aa787\" data-element_type=\"widget\" data-e-type=\"widget\" data-widget_type=\"image.default\">\n\t\t\t\t<div class=\"elementor-widget-container\">\n\t\t\t\t\t\t\t\t\t\t\t\t\t\t\t<img fetchpriority=\"high\" decoding=\"async\" width=\"640\" height=\"427\" src=\"https:\/\/seearoundmorocco.org\/wp-content\/uploads\/2022\/03\/5-day-morocco-trip-from-tangier-3-1024x683.jpg\" class=\"attachment-large size-large wp-image-868\" alt=\"Tour De 5 Dias Por El Desierto Desde Tanger\" srcset=\"https:\/\/seearoundmorocco.org\/wp-content\/uploads\/2022\/03\/5-day-morocco-trip-from-tangier-3-1024x683.jpg 1024w, https:\/\/seearoundmorocco.org\/wp-content\/uploads\/2022\/03\/5-day-morocco-trip-from-tangier-3-300x200.jpg 300w, https:\/\/seearoundmorocco.org\/wp-content\/uploads\/2022\/03\/5-day-morocco-trip-from-tangier-3-768x512.jpg 768w, https:\/\/seearoundmorocco.org\/wp-content\/uploads\/2022\/03\/5-day-morocco-trip-from-tangier-3.jpg 1080w\" sizes=\"(max-width: 640px) 100vw, 640px\" \/>\t\t\t\t\t\t\t\t\t\t\t\t\t\t\t<\/div>\n\t\t\t\t<\/div>\n\t\t\t\t<div class=\"elementor-element elementor-element-9208999 elementor-widget elementor-widget-heading\" data-id=\"9208999\" data-element_type=\"widget\" data-e-type=\"widget\" data-widget_type=\"heading.default\">\n\t\t\t\t<div class=\"elementor-widget-container\">\n\t\t\t\t\t<h3 class=\"elementor-heading-title elementor-size-default\">Tour De 5 D\u00edas Por El Desierto Desde Tanger<\/h3>\t\t\t\t<\/div>\n\t\t\t\t<\/div>\n\t\t\t\t<div class=\"elementor-element elementor-element-2b039bac elementor-widget elementor-widget-text-editor\" data-id=\"2b039bac\" data-element_type=\"widget\" data-e-type=\"widget\" data-widget_type=\"text-editor.default\">\n\t\t\t\t<div class=\"elementor-widget-container\">\n\t\t\t\t\t\t\t\t\t<p>Un itinerario tur\u00edstico de 5 d\u00edas que sale de la ciudad de T\u00e1nger para explorar diferentes ciudades incre\u00edbles y disfrutar de una experiencia en el Sahara.<\/p>\n\t\t\t\t\t\t\t\t<\/div>\n\t\t\t\t<\/div>\n\t\t\t\t<div class=\"elementor-element elementor-element-3a8e736 elementor-align-center elementor-widget elementor-widget-button\" data-id=\"3a8e736\" data-element_type=\"widget\" data-e-type=\"widget\" data-widget_type=\"button.default\">\n\t\t\t\t<div class=\"elementor-widget-container\">\n\t\t\t\t\t\t\t\t\t<div class=\"elementor-button-wrapper\">\n\t\t\t\t\t<a class=\"elementor-button elementor-button-link elementor-size-sm\" href=\"https:\/\/seearoundmorocco.org\/es\/tour-de-5-dias-por-el-desierto-desde-tanger\/\">\n\t\t\t\t\t\t<span class=\"elementor-button-content-wrapper\">\n\t\t\t\t\t\t<span class=\"elementor-button-icon\">\n\t\t\t\t<i aria-hidden=\"true\" class=\"fas fa-angle-double-right\"><\/i>\t\t\t<\/span>\n\t\t\t\t\t\t\t\t\t<span class=\"elementor-button-text\">Leer M\u00e1s<\/span>\n\t\t\t\t\t<\/span>\n\t\t\t\t\t<\/a>\n\t\t\t\t<\/div>\n\t\t\t\t\t\t\t\t<\/div>\n\t\t\t\t<\/div>\n\t\t\t\t\t<\/div>\n\t\t<\/div>\n\t\t\t\t<div class=\"elementor-column elementor-col-33 elementor-top-column elementor-element elementor-element-619fb205\" data-id=\"619fb205\" data-element_type=\"column\" data-e-type=\"column\" data-settings=\"{&quot;background_background&quot;:&quot;classic&quot;}\">\n\t\t\t<div class=\"elementor-widget-wrap elementor-element-populated\">\n\t\t\t\t\t\t<div class=\"elementor-element elementor-element-74b49e5a elementor-widget elementor-widget-image\" data-id=\"74b49e5a\" data-element_type=\"widget\" data-e-type=\"widget\" data-widget_type=\"image.default\">\n\t\t\t\t<div class=\"elementor-widget-container\">\n\t\t\t\t\t\t\t\t\t\t\t\t\t\t\t<img decoding=\"async\" width=\"640\" height=\"427\" src=\"https:\/\/seearoundmorocco.org\/wp-content\/uploads\/2022\/03\/7-day-tour-from-tangier-to-marrakech-2-1024x683.jpg\" class=\"attachment-large size-large wp-image-882\" alt=\"tours desde tanger\" srcset=\"https:\/\/seearoundmorocco.org\/wp-content\/uploads\/2022\/03\/7-day-tour-from-tangier-to-marrakech-2-1024x683.jpg 1024w, https:\/\/seearoundmorocco.org\/wp-content\/uploads\/2022\/03\/7-day-tour-from-tangier-to-marrakech-2-300x200.jpg 300w, https:\/\/seearoundmorocco.org\/wp-content\/uploads\/2022\/03\/7-day-tour-from-tangier-to-marrakech-2-768x512.jpg 768w, https:\/\/seearoundmorocco.org\/wp-content\/uploads\/2022\/03\/7-day-tour-from-tangier-to-marrakech-2.jpg 1080w\" sizes=\"(max-width: 640px) 100vw, 640px\" \/>\t\t\t\t\t\t\t\t\t\t\t\t\t\t\t<\/div>\n\t\t\t\t<\/div>\n\t\t\t\t<div class=\"elementor-element elementor-element-3f0f52a1 elementor-widget elementor-widget-heading\" data-id=\"3f0f52a1\" data-element_type=\"widget\" data-e-type=\"widget\" data-widget_type=\"heading.default\">\n\t\t\t\t<div class=\"elementor-widget-container\">\n\t\t\t\t\t<h3 class=\"elementor-heading-title elementor-size-default\">7 D\u00edas desde T\u00e1nger a Marrakech<\/h3>\t\t\t\t<\/div>\n\t\t\t\t<\/div>\n\t\t\t\t<div class=\"elementor-element elementor-element-65854d27 elementor-widget elementor-widget-text-editor\" data-id=\"65854d27\" data-element_type=\"widget\" data-e-type=\"widget\" data-widget_type=\"text-editor.default\">\n\t\t\t\t<div class=\"elementor-widget-container\">\n\t\t\t\t\t\t\t\t\t<p>Una aventura de 7 d\u00edas que comienza en <a href=\"https:\/\/en.wikipedia.org\/wiki\/T\u00e1nger\" target=\"_blank\" rel=\"noopener\">T\u00e1nger<\/a> y finaliza en Marrakech para explorar las antiguas ciudades imperiales y el desierto del S\u00e1hara.<\/p>\n\t\t\t\t\t\t\t\t<\/div>\n\t\t\t\t<\/div>\n\t\t\t\t<div class=\"elementor-element elementor-element-6cb0eed elementor-align-center elementor-widget elementor-widget-button\" data-id=\"6cb0eed\" data-element_type=\"widget\" data-e-type=\"widget\" data-widget_type=\"button.default\">\n\t\t\t\t<div class=\"elementor-widget-container\">\n\t\t\t\t\t\t\t\t\t<div class=\"elementor-button-wrapper\">\n\t\t\t\t\t<a class=\"elementor-button elementor-button-link elementor-size-sm\" href=\"https:\/\/seearoundmorocco.org\/es\/7-dias-desde-tanger-a-marrakech\/\">\n\t\t\t\t\t\t<span class=\"elementor-button-content-wrapper\">\n\t\t\t\t\t\t<span class=\"elementor-button-icon\">\n\t\t\t\t<i aria-hidden=\"true\" class=\"fas fa-angle-double-right\"><\/i>\t\t\t<\/span>\n\t\t\t\t\t\t\t\t\t<span class=\"elementor-button-text\">Leer M\u00e1s<\/span>\n\t\t\t\t\t<\/span>\n\t\t\t\t\t<\/a>\n\t\t\t\t<\/div>\n\t\t\t\t\t\t\t\t<\/div>\n\t\t\t\t<\/div>\n\t\t\t\t\t<\/div>\n\t\t<\/div>\n\t\t\t\t<div class=\"elementor-column elementor-col-33 elementor-top-column elementor-element elementor-element-5d1b053d\" data-id=\"5d1b053d\" data-element_type=\"column\" data-e-type=\"column\" data-settings=\"{&quot;background_background&quot;:&quot;classic&quot;}\">\n\t\t\t<div class=\"elementor-widget-wrap elementor-element-populated\">\n\t\t\t\t\t\t<div class=\"elementor-element elementor-element-29936a6e elementor-widget elementor-widget-image\" data-id=\"29936a6e\" data-element_type=\"widget\" data-e-type=\"widget\" data-widget_type=\"image.default\">\n\t\t\t\t<div class=\"elementor-widget-container\">\n\t\t\t\t\t\t\t\t\t\t\t\t\t\t\t<img decoding=\"async\" width=\"640\" height=\"427\" src=\"https:\/\/seearoundmorocco.org\/wp-content\/uploads\/2022\/03\/7-day-tour-from-tangier-to-marrakech-3-1024x683.jpg\" class=\"attachment-large size-large wp-image-884\" alt=\"7 Dias desde Tanger a Marrakech\" srcset=\"https:\/\/seearoundmorocco.org\/wp-content\/uploads\/2022\/03\/7-day-tour-from-tangier-to-marrakech-3-1024x683.jpg 1024w, https:\/\/seearoundmorocco.org\/wp-content\/uploads\/2022\/03\/7-day-tour-from-tangier-to-marrakech-3-300x200.jpg 300w, https:\/\/seearoundmorocco.org\/wp-content\/uploads\/2022\/03\/7-day-tour-from-tangier-to-marrakech-3-768x512.jpg 768w, https:\/\/seearoundmorocco.org\/wp-content\/uploads\/2022\/03\/7-day-tour-from-tangier-to-marrakech-3.jpg 1080w\" sizes=\"(max-width: 640px) 100vw, 640px\" \/>\t\t\t\t\t\t\t\t\t\t\t\t\t\t\t<\/div>\n\t\t\t\t<\/div>\n\t\t\t\t<div class=\"elementor-element elementor-element-4aaa0e89 elementor-widget elementor-widget-heading\" data-id=\"4aaa0e89\" data-element_type=\"widget\" data-e-type=\"widget\" data-widget_type=\"heading.default\">\n\t\t\t\t<div class=\"elementor-widget-container\">\n\t\t\t\t\t<h3 class=\"elementor-heading-title elementor-size-default\">Gran Viaje A Marruecos De 10 D\u00edas desde Tanger<\/h3>\t\t\t\t<\/div>\n\t\t\t\t<\/div>\n\t\t\t\t<div class=\"elementor-element elementor-element-3fb05ca4 elementor-widget elementor-widget-text-editor\" data-id=\"3fb05ca4\" data-element_type=\"widget\" data-e-type=\"widget\" data-widget_type=\"text-editor.default\">\n\t\t\t\t<div class=\"elementor-widget-container\">\n\t\t\t\t\t\t\t\t\t<p>Gran tour que consta de 10 d\u00edas con salida desde T\u00e1nger para descubrir y visitar diferentes ciudades marroqu\u00edes impresionantes.<\/p>\n\t\t\t\t\t\t\t\t<\/div>\n\t\t\t\t<\/div>\n\t\t\t\t<div class=\"elementor-element elementor-element-11e6fed6 elementor-align-center elementor-widget elementor-widget-button\" data-id=\"11e6fed6\" data-element_type=\"widget\" data-e-type=\"widget\" data-widget_type=\"button.default\">\n\t\t\t\t<div class=\"elementor-widget-container\">\n\t\t\t\t\t\t\t\t\t<div class=\"elementor-button-wrapper\">\n\t\t\t\t\t<a class=\"elementor-button elementor-button-link elementor-size-sm\" href=\"https:\/\/seearoundmorocco.org\/es\/gran-viaje-a-marruecos-de-10-dias-desde-tanger\/\">\n\t\t\t\t\t\t<span class=\"elementor-button-content-wrapper\">\n\t\t\t\t\t\t<span class=\"elementor-button-icon\">\n\t\t\t\t<i aria-hidden=\"true\" class=\"fas fa-angle-double-right\"><\/i>\t\t\t<\/span>\n\t\t\t\t\t\t\t\t\t<span class=\"elementor-button-text\">Leer M\u00e1s<\/span>\n\t\t\t\t\t<\/span>\n\t\t\t\t\t<\/a>\n\t\t\t\t<\/div>\n\t\t\t\t\t\t\t\t<\/div>\n\t\t\t\t<\/div>\n\t\t\t\t\t<\/div>\n\t\t<\/div>\n\t\t\t\t\t<\/div>\n\t\t<\/section>\n\t\t\t\t<\/div>\n\t\t","protected":false},"excerpt":{"rendered":"<p>Tours Desde T\u00e1nger Tour De 5 D\u00edas Por El Desierto Desde Tanger Un itinerario tur\u00edstico de 5 d\u00edas que sale de la ciudad de T\u00e1nger para explorar diferentes ciudades incre\u00edbles y disfrutar de una experiencia en el Sahara. Leer M\u00e1s 7 D\u00edas desde T\u00e1nger a Marrakech Una aventura de 7 d\u00edas que comienza en T\u00e1nger [&hellip;]<\/p>\n","protected":false},"author":1,"featured_media":0,"parent":0,"menu_order":0,"comment_status":"closed","ping_status":"closed","template":"elementor_header_footer","meta":{"footnotes":""},"class_list":["post-965","page","type-page","status-publish","hentry"],"_links":{"self":[{"href":"https:\/\/seearoundmorocco.org\/es\/wp-json\/wp\/v2\/pages\/965","targetHints":{"allow":["GET"]}}],"collection":[{"href":"https:\/\/seearoundmorocco.org\/es\/wp-json\/wp\/v2\/pages"}],"about":[{"href":"https:\/\/seearoundmorocco.org\/es\/wp-json\/wp\/v2\/types\/page"}],"author":[{"embeddable":true,"href":"https:\/\/seearoundmorocco.org\/es\/wp-json\/wp\/v2\/users\/1"}],"replies":[{"embeddable":true,"href":"https:\/\/seearoundmorocco.org\/es\/wp-json\/wp\/v2\/comments?post=965"}],"version-history":[{"count":4,"href":"https:\/\/seearoundmorocco.org\/es\/wp-json\/wp\/v2\/pages\/965\/revisions"}],"predecessor-version":[{"id":1225,"href":"https:\/\/seearoundmorocco.org\/es\/wp-json\/wp\/v2\/pages\/965\/revisions\/1225"}],"wp:attachment":[{"href":"https:\/\/seearoundmorocco.org\/es\/wp-json\/wp\/v2\/media?parent=965"}],"curies":[{"name":"wp","href":"https:\/\/api.w.org\/{rel}","templated":true}]}}